{"id":24,"date":"2011-01-27T13:22:46","date_gmt":"2011-01-27T12:22:46","guid":{"rendered":"http:\/\/bajorek.com.pl\/wordpress\/?page_id=24"},"modified":"2018-01-21T11:00:46","modified_gmt":"2018-01-21T09:00:46","slug":"nasze-pasje","status":"publish","type":"page","link":"https:\/\/bajorek.com.pl\/wordpress\/?page_id=24","title":{"rendered":"Nasze Pasje"},"content":{"rendered":"<p><span style=\"color: #3366ff;\"><br \/>\nNasze pasje i zainteresowania ,jakby\u00a0 je nie nazwa\u0107 to rzeczy kt\u00f3re <\/span><span style=\"color: #3366ff;\">sprawia\u0142y <\/span><span style=\"color: #3366ff;\">i <\/span><span style=\"color: #3366ff;\">sprawiaj\u0105\u00a0 rado\u015b\u0107.<br \/>\nA tylko kwestia czasu decuduje o stopniu zanga\u017cowania w dany temat <\/span><span style=\"color: #3366ff;\"><img src=\"http:\/\/img.webme.com\/smiles\/wink.gif\" alt=\"\" \/><\/span><\/p>\n<table>\n<tbody>\n<tr>\n<td colspan=\"3\"><span style=\"color: #ff0000; font-size: large;\">Nasza Tradycja Rodzinna<\/span><span style=\"color: #ff0000; font-size: large;\"><br \/>\nKominki,kuchnie itp<\/span><\/td>\n<\/tr>\n<tr style=\"text-align: center;\">\n<td colspan=\"3\"><a href=\"http:\/\/baru0.pl.tl\/Moja-praca.htm\"><img loading=\"lazy\" src=\"http:\/\/img.webme.com\/pic\/b\/baru0\/skanuj0008.jpg\" alt=\"\" width=\"109\" height=\"156\" \/><\/a><\/td>\n<\/tr>\n<tr>\n<td><a href=\"http:\/\/baru0.pl.tl\/Malowanie.htm\"><span style=\"color: #ff0000; font-size: large;\">Malowanie<\/span><\/a><\/td>\n<td><\/td>\n<td><span style=\"color: #ff0000; font-size: large;\">Rze\u017aba<\/span><\/td>\n<\/tr>\n<tr>\n<td><a href=\"http:\/\/baru0.pl.tl\/Malowanie.htm\"><img loading=\"lazy\" src=\"http:\/\/img.webme.com\/pic\/b\/baru0\/imga0554.jpg\" alt=\"\" width=\"110\" height=\"153\" \/><\/a><\/td>\n<td><\/td>\n<td><a href=\"http:\/\/baru0.pl.tl\/Rze%26%23378%3Bba.htm\"><img loading=\"lazy\" src=\"http:\/\/img.webme.com\/pic\/b\/baru0\/imga0561.jpg\" alt=\"\" width=\"112\" height=\"152\" \/><\/a><\/td>\n<\/tr>\n<tr>\n<td><span style=\"color: #ff0000; font-size: large;\">Gitara<\/span><\/td>\n<td><\/td>\n<td><a href=\"http:\/\/baru0.pl.tl\/Pszczo%26%23322%3By.htm\"><span style=\"color: #ff0000; font-size: large;\">Pasieka<\/span><\/a><\/td>\n<\/tr>\n<tr>\n<td><img loading=\"lazy\" src=\"http:\/\/img.webme.com\/pic\/b\/baru0\/imga0550.jpg\" alt=\"\" width=\"114\" height=\"162\" \/><\/td>\n<td><\/td>\n<td>\n<p style=\"text-align: center;\"><a href=\"http:\/\/www.pasiekabajorek.pl\/\"><img loading=\"lazy\" src=\"http:\/\/img.webme.com\/pic\/b\/baru0\/img00168.jpg\" alt=\"\" width=\"166\" height=\"124\" \/><\/a><\/p>\n<\/td>\n<\/tr>\n<\/tbody>\n<\/table>\n","protected":false},"excerpt":{"rendered":"<p>Nasze pasje i zainteresowania ,jakby\u00a0 je nie nazwa\u0107 to rzeczy kt\u00f3re sprawia\u0142y i sprawiaj\u0105\u00a0 rado\u015b\u0107. A tylko kwestia czasu decuduje o stopniu zanga\u017cowania w dany temat Nasza Tradycja Rodzinna Kominki,kuchnie itp Malowanie Rze\u017aba Gitara Pasieka<\/p>\n","protected":false},"author":1,"featured_media":0,"parent":0,"menu_order":1,"comment_status":"closed","ping_status":"closed","template":"","meta":[],"_links":{"self":[{"href":"https:\/\/bajorek.com.pl\/wordpress\/index.php?rest_route=\/wp\/v2\/pages\/24"}],"collection":[{"href":"https:\/\/bajorek.com.pl\/wordpress\/index.php?rest_route=\/wp\/v2\/pages"}],"about":[{"href":"https:\/\/bajorek.com.pl\/wordpress\/index.php?rest_route=\/wp\/v2\/types\/page"}],"author":[{"embeddable":true,"href":"https:\/\/bajorek.com.pl\/wordpress\/index.php?rest_route=\/wp\/v2\/users\/1"}],"replies":[{"embeddable":true,"href":"https:\/\/bajorek.com.pl\/wordpress\/index.php?rest_route=%2Fwp%2Fv2%2Fcomments&post=24"}],"version-history":[{"count":9,"href":"https:\/\/bajorek.com.pl\/wordpress\/index.php?rest_route=\/wp\/v2\/pages\/24\/revisions"}],"predecessor-version":[{"id":453,"href":"https:\/\/bajorek.com.pl\/wordpress\/index.php?rest_route=\/wp\/v2\/pages\/24\/revisions\/453"}],"wp:attachment":[{"href":"https:\/\/bajorek.com.pl\/wordpress\/index.php?rest_route=%2Fwp%2Fv2%2Fmedia&parent=24"}],"curies":[{"name":"wp","href":"https:\/\/api.w.org\/{rel}","templated":true}]}}